{"id":9781,"date":"2025-08-16T09:38:11","date_gmt":"2025-08-16T09:38:11","guid":{"rendered":"https:\/\/ais-edu.pt\/campus\/"},"modified":"2026-04-21T13:08:01","modified_gmt":"2026-04-21T13:08:01","slug":"campus","status":"publish","type":"page","link":"https:\/\/ais-edu.pt\/pt-pt\/campus\/","title":{"rendered":"Campus"},"content":{"rendered":"[vc_row type=&#8221;full_width_content&#8221; full_screen_row_position=&#8221;middle&#8221; column_margin=&#8221;none&#8221; column_direction=&#8221;default&#8221; column_direction_tablet=&#8221;default&#8221; column_direction_phone=&#8221;column_reverse&#8221; scene_position=&#8221;center&#8221; top_padding=&#8221;4%&#8221; bottom_padding=&#8221;2%&#8221; left_padding_desktop=&#8221;3%&#8221; right_padding_desktop=&#8221;0&#8243; top_padding_phone=&#8221;12%&#8221; bottom_padding_phone=&#8221;0&#8243; left_padding_phone=&#8221;0&#8243; constrain_group_6=&#8221;yes&#8221; right_padding_phone=&#8221;0&#8243; text_color=&#8221;light&#8221; text_align=&#8221;left&#8221; row_border_radius=&#8221;none&#8221; row_border_radius_applies=&#8221;bg&#8221; row_position_desktop=&#8221;default&#8221; row_position_tablet=&#8221;inherit&#8221; row_position_phone=&#8221;inherit&#8221; overflow=&#8221;visible&#8221; overlay_strength=&#8221;0.95&#8243; gradient_direction=&#8221;left_to_right&#8221; shape_divider_color=&#8221;#FFFFFF&#8221; shape_divider_position=&#8221;top&#8221; shape_divider_height=&#8221;33&#8243; bg_image_animation=&#8221;none&#8221; shape_type=&#8221;waves_opacity&#8221; gradient_type=&#8221;default&#8221;][vc_column column_padding=&#8221;padding-1-percent&#8221; column_padding_tablet=&#8221;inherit&#8221; column_padding_phone=&#8221;padding-3-percent&#8221; column_padding_position=&#8221;left-right&#8221; flex_gap_desktop=&#8221;10px&#8221; column_element_direction_desktop=&#8221;default&#8221; column_element_spacing=&#8221;default&#8221; desktop_text_alignment=&#8221;default&#8221; tablet_text_alignment=&#8221;default&#8221; phone_text_alignment=&#8221;default&#8221; background_color_opacity=&#8221;1&#8243; background_hover_color_opacity=&#8221;1&#8243; column_backdrop_filter=&#8221;none&#8221; font_color=&#8221;#1D2C4E&#8221; column_shadow=&#8221;none&#8221; column_border_radius=&#8221;none&#8221; column_link_target=&#8221;_self&#8221; column_position=&#8221;default&#8221; gradient_direction=&#8221;left_to_right&#8221; overlay_strength=&#8221;0.3&#8243; width=&#8221;2\/5&#8243; tablet_width_inherit=&#8221;default&#8221; animation_type=&#8221;default&#8221; bg_image_animation=&#8221;none&#8221; border_type=&#8221;simple&#8221; column_border_width=&#8221;none&#8221; column_border_style=&#8221;solid&#8221; column_padding_type=&#8221;default&#8221; gradient_type=&#8221;default&#8221;][vc_row_inner column_margin=&#8221;default&#8221; column_direction=&#8221;default&#8221; column_direction_tablet=&#8221;default&#8221; column_direction_phone=&#8221;default&#8221; text_align=&#8221;left&#8221; row_position=&#8221;default&#8221; row_position_tablet=&#8221;inherit&#8221; row_position_phone=&#8221;inherit&#8221; overflow=&#8221;visible&#8221; pointer_events=&#8221;all&#8221;][vc_column_inner column_padding=&#8221;no-extra-padding&#8221; column_padding_tablet=&#8221;inherit&#8221; column_padding_phone=&#8221;inherit&#8221; column_padding_position=&#8221;all&#8221; flex_gap_desktop=&#8221;10px&#8221; column_element_direction_desktop=&#8221;default&#8221; column_element_spacing=&#8221;default&#8221; desktop_text_alignment=&#8221;default&#8221; tablet_text_alignment=&#8221;default&#8221; phone_text_alignment=&#8221;default&#8221; background_color_opacity=&#8221;1&#8243; background_hover_color_opacity=&#8221;1&#8243; column_backdrop_filter=&#8221;none&#8221; column_shadow=&#8221;none&#8221; column_border_radius=&#8221;none&#8221; column_link_target=&#8221;_self&#8221; overflow=&#8221;visible&#8221; gradient_direction=&#8221;left_to_right&#8221; overlay_strength=&#8221;0.3&#8243; width=&#8221;1\/1&#8243; tablet_width_inherit=&#8221;default&#8221; animation_type=&#8221;default&#8221; bg_image_animation=&#8221;none&#8221; border_type=&#8221;simple&#8221; column_border_width=&#8221;none&#8221; column_border_style=&#8221;solid&#8221;][split_line_heading line_reveal_by_space_text_effect=&#8221;none&#8221; font_style=&#8221;h1&#8243; stagger_animation=&#8221;true&#8221; mobile_disable_animation=&#8221;true&#8221; content_alignment=&#8221;default&#8221; mobile_content_alignment=&#8221;inherit&#8221; animation_type=&#8221;line-reveal-by-space&#8221; link_target=&#8221;_self&#8221; text_content=&#8221;O Nosso Campus&#8221; text_direction=&#8221;default&#8221; font_size=&#8221;45&#8243;][\/split_line_heading][\/vc_column_inner][\/vc_row_inner][vc_row_inner column_margin=&#8221;default&#8221; column_direction=&#8221;default&#8221; column_direction_tablet=&#8221;default&#8221; column_direction_phone=&#8221;default&#8221; text_align=&#8221;left&#8221; row_position=&#8221;default&#8221; row_position_tablet=&#8221;inherit&#8221; row_position_phone=&#8221;inherit&#8221; overflow=&#8221;visible&#8221; pointer_events=&#8221;all&#8221;][vc_column_inner column_padding=&#8221;no-extra-padding&#8221; column_padding_tablet=&#8221;inherit&#8221; column_padding_phone=&#8221;inherit&#8221; column_padding_position=&#8221;all&#8221; top_margin_phone=&#8221;20&#8243; bottom_margin_phone=&#8221;20&#8243; flex_gap_desktop=&#8221;10px&#8221; column_element_direction_desktop=&#8221;default&#8221; column_element_spacing=&#8221;default&#8221; desktop_text_alignment=&#8221;default&#8221; tablet_text_alignment=&#8221;default&#8221; phone_text_alignment=&#8221;default&#8221; background_color_opacity=&#8221;1&#8243; background_hover_color_opacity=&#8221;1&#8243; column_backdrop_filter=&#8221;none&#8221; column_shadow=&#8221;none&#8221; column_border_radius=&#8221;none&#8221; column_link_target=&#8221;_self&#8221; overflow=&#8221;visible&#8221; gradient_direction=&#8221;left_to_right&#8221; overlay_strength=&#8221;0.3&#8243; width=&#8221;1\/1&#8243; tablet_width_inherit=&#8221;default&#8221; animation_type=&#8221;default&#8221; bg_image_animation=&#8221;none&#8221; border_type=&#8221;simple&#8221; column_border_width=&#8221;none&#8221; column_border_style=&#8221;solid&#8221; column_padding_type=&#8221;default&#8221; gradient_type=&#8221;default&#8221;][nectar_responsive_text inherited_font_style=&#8221;h2&#8243; text_color=&#8221;#949DAE&#8221; font_size_desktop=&#8221;30&#8243; text_direction=&#8221;default&#8221; font_line_height=&#8221;1.1&#8243;]\n<h2>Um espa\u00e7o para aprender, crescer e pertencer.<\/h2>\n[\/nectar_responsive_text][nectar_responsive_text inherited_font_style=&#8221;default&#8221; text_direction=&#8221;default&#8221;]Orgulhamo-nos de proporcionar aos nossos alunos um ambiente seguro, moderno e<br \/>\ncuidadosamente preparado para estimular criatividade, inova\u00e7\u00e3o e descoberta.<\/p>\n<p>Das salas amplas e luminosas aos espa\u00e7os equipados com tecnologia atual, cada detalhe<br \/>\nfoi pensado para apoiar a aprendizagem e o bem-estar. \u00c9 no equil\u00edbrio entre funcionalidade,<br \/>est\u00e9tica e inten\u00e7\u00e3o pedag\u00f3gica que o nosso campus ganha identidade<strong>.<\/p>\n<p>Convidamo-lo a explorar a galeria e a descobrir o que torna este espa\u00e7o verdadeiramente<br \/>especia<\/strong>l.[\/nectar_responsive_text][divider line_type=&#8221;No Line&#8221; custom_height=&#8221;33&#8243; custom_height_phone=&#8221;20&#8243;][\/vc_column_inner][\/vc_row_inner][vc_row_inner column_margin=&#8221;default&#8221; column_direction=&#8221;default&#8221; column_direction_tablet=&#8221;default&#8221; column_direction_phone=&#8221;default&#8221; text_align=&#8221;left&#8221; row_position=&#8221;default&#8221; row_position_tablet=&#8221;inherit&#8221; row_position_phone=&#8221;inherit&#8221; overflow=&#8221;visible&#8221; pointer_events=&#8221;all&#8221;][vc_column_inner column_padding=&#8221;no-extra-padding&#8221; column_padding_tablet=&#8221;inherit&#8221; column_padding_phone=&#8221;inherit&#8221; column_padding_position=&#8221;all&#8221; column_element_direction_desktop=&#8221;default&#8221; column_element_spacing=&#8221;default&#8221; desktop_text_alignment=&#8221;default&#8221; tablet_text_alignment=&#8221;default&#8221; phone_text_alignment=&#8221;default&#8221; background_color_opacity=&#8221;1&#8243; background_hover_color_opacity=&#8221;1&#8243; column_backdrop_filter=&#8221;none&#8221; column_shadow=&#8221;none&#8221; column_border_radius=&#8221;none&#8221; column_link_target=&#8221;_self&#8221; overflow=&#8221;visible&#8221; gradient_direction=&#8221;left_to_right&#8221; overlay_strength=&#8221;0.3&#8243; width=&#8221;1\/1&#8243; tablet_width_inherit=&#8221;default&#8221; animation_type=&#8221;default&#8221; bg_image_animation=&#8221;none&#8221; border_type=&#8221;simple&#8221; column_border_width=&#8221;none&#8221; column_border_style=&#8221;solid&#8221; column_padding_type=&#8221;default&#8221; content_layout=&#8221;default&#8221; gradient_type=&#8221;default&#8221; offset=&#8221;vc_hidden-xs&#8221;][nectar_cta btn_style=&#8221;basic&#8221; heading_tag=&#8221;h6&#8243; link_type=&#8221;regular&#8221; button_color=&#8221;default&#8221; button_color_hover=&#8221;#1D2C4E&#8221; text_color=&#8221;#1D2C4E&#8221; text_color_hover=&#8221;#FFFFFF&#8221; button_border_color=&#8221;#1D2C4E&#8221; button_border_color_hover=&#8221;#1D2C4E&#8221; button_border_thickness=&#8221;2px&#8221; alignment=&#8221;left&#8221; alignment_tablet=&#8221;default&#8221; alignment_phone=&#8221;default&#8221; constrain_group_3=&#8221;yes&#8221; constrain_group_4=&#8221;yes&#8221; display=&#8221;block&#8221; display_tablet=&#8221;inherit&#8221; display_phone=&#8221;inherit&#8221; icon_family=&#8221;none&#8221; font_size_desktop=&#8221;13&#8243; link_text=&#8221;CONHE\u00c7A&#8221; url=&#8221;#explore&#8221; padding_top=&#8221;12&#8243; padding_bottom=&#8221;12&#8243; padding_left=&#8221;20&#8243; padding_right=&#8221;20&#8243;][\/vc_column_inner][\/vc_row_inner][\/vc_column][vc_column column_padding=&#8221;no-extra-padding&#8221; column_padding_tablet=&#8221;inherit&#8221; column_padding_phone=&#8221;inherit&#8221; column_padding_position=&#8221;all&#8221; translate_y=&#8221;-50&#8243; flex_gap_desktop=&#8221;10px&#8221; column_element_direction_desktop=&#8221;default&#8221; column_element_spacing=&#8221;default&#8221; desktop_text_alignment=&#8221;default&#8221; tablet_text_alignment=&#8221;default&#8221; phone_text_alignment=&#8221;default&#8221; background_color_opacity=&#8221;1&#8243; background_hover_color_opacity=&#8221;1&#8243; column_backdrop_filter=&#8221;none&#8221; column_shadow=&#8221;none&#8221; column_border_radius=&#8221;none&#8221; column_link_target=&#8221;_self&#8221; column_position=&#8221;default&#8221; gradient_direction=&#8221;left_to_right&#8221; overlay_strength=&#8221;0.3&#8243; width=&#8221;3\/5&#8243; tablet_width_inherit=&#8221;default&#8221; animation_type=&#8221;default&#8221; bg_image_animation=&#8221;none&#8221; border_type=&#8221;simple&#8221; column_border_width=&#8221;none&#8221; column_border_style=&#8221;solid&#8221; column_padding_type=&#8221;default&#8221; gradient_type=&#8221;default&#8221; offset=&#8221;vc_hidden-xs&#8221;][vc_row_inner column_margin=&#8221;default&#8221; column_direction=&#8221;default&#8221; column_direction_tablet=&#8221;default&#8221; column_direction_phone=&#8221;default&#8221; text_align=&#8221;left&#8221; row_position=&#8221;default&#8221; row_position_tablet=&#8221;inherit&#8221; row_position_phone=&#8221;inherit&#8221; overflow=&#8221;visible&#8221; pointer_events=&#8221;all&#8221;][vc_column_inner column_padding=&#8221;no-extra-padding&#8221; column_padding_tablet=&#8221;inherit&#8221; column_padding_phone=&#8221;inherit&#8221; column_padding_position=&#8221;all&#8221; left_margin=&#8221;50&#8243; flex_gap_desktop=&#8221;10px&#8221; column_element_direction_desktop=&#8221;default&#8221; column_element_spacing=&#8221;default&#8221; desktop_text_alignment=&#8221;default&#8221; tablet_text_alignment=&#8221;default&#8221; phone_text_alignment=&#8221;default&#8221; background_color_opacity=&#8221;1&#8243; background_hover_color_opacity=&#8221;1&#8243; column_backdrop_filter=&#8221;none&#8221; column_shadow=&#8221;none&#8221; column_border_radius=&#8221;none&#8221; column_link_target=&#8221;_self&#8221; overflow=&#8221;visible&#8221; gradient_direction=&#8221;left_to_right&#8221; overlay_strength=&#8221;0.3&#8243; width=&#8221;1\/1&#8243; tablet_width_inherit=&#8221;default&#8221; animation_type=&#8221;default&#8221; bg_image_animation=&#8221;none&#8221; border_type=&#8221;simple&#8221; column_border_width=&#8221;none&#8221; column_border_style=&#8221;solid&#8221; column_padding_type=&#8221;default&#8221; gradient_type=&#8221;default&#8221;][image_with_animation image_url=&#8221;610&#8243; image_size=&#8221;full&#8221; max_width=&#8221;100%&#8221; max_width_mobile=&#8221;default&#8221; animation_type=&#8221;entrance&#8221; animation=&#8221;None&#8221; animation_movement_type=&#8221;transform_y&#8221; hover_animation=&#8221;none&#8221; alignment=&#8221;&#8221; border_radius=&#8221;none&#8221; box_shadow=&#8221;none&#8221; image_loading=&#8221;default&#8221;][\/vc_column_inner][\/vc_row_inner][\/vc_column][\/vc_row][vc_row type=&#8221;full_width_background&#8221; full_screen_row_position=&#8221;middle&#8221; column_margin=&#8221;default&#8221; column_direction=&#8221;default&#8221; column_direction_tablet=&#8221;default&#8221; column_direction_phone=&#8221;default&#8221; scene_position=&#8221;center&#8221; bottom_padding=&#8221;8%&#8221; top_padding_phone=&#8221;40&#8243; text_color=&#8221;dark&#8221; text_align=&#8221;left&#8221; row_border_radius=&#8221;none&#8221; row_border_radius_applies=&#8221;bg&#8221; row_position_desktop=&#8221;default&#8221; row_position_tablet=&#8221;inherit&#8221; row_position_phone=&#8221;inherit&#8221; overflow=&#8221;visible&#8221; id=&#8221;explore&#8221; overlay_strength=&#8221;0.3&#8243; gradient_direction=&#8221;left_to_right&#8221; shape_divider_position=&#8221;bottom&#8221; bg_image_animation=&#8221;none&#8221; gradient_type=&#8221;default&#8221; shape_type=&#8221;&#8221;][vc_column column_padding=&#8221;no-extra-padding&#8221; column_padding_tablet=&#8221;inherit&#8221; column_padding_phone=&#8221;inherit&#8221; column_padding_position=&#8221;all&#8221; flex_gap_desktop=&#8221;10px&#8221; column_element_direction_desktop=&#8221;default&#8221; column_element_spacing=&#8221;default&#8221; desktop_text_alignment=&#8221;default&#8221; tablet_text_alignment=&#8221;default&#8221; phone_text_alignment=&#8221;default&#8221; background_color_opacity=&#8221;1&#8243; background_hover_color_opacity=&#8221;1&#8243; column_backdrop_filter=&#8221;none&#8221; column_shadow=&#8221;none&#8221; column_border_radius=&#8221;none&#8221; column_link_target=&#8221;_self&#8221; column_position=&#8221;default&#8221; gradient_direction=&#8221;left_to_right&#8221; overlay_strength=&#8221;0.3&#8243; width=&#8221;1\/1&#8243; tablet_width_inherit=&#8221;default&#8221; animation_type=&#8221;default&#8221; bg_image_animation=&#8221;none&#8221; border_type=&#8221;simple&#8221; column_border_width=&#8221;none&#8221; column_border_style=&#8221;solid&#8221;][tabbed_section style=&#8221;minimal&#8221; tab_change_animation=&#8221;fade&#8221; alignment=&#8221;center&#8221; spacing=&#8221;default&#8221; tab_color=&#8221;Accent-Color&#8221; vs_content_animation=&#8221;fade&#8221; vs_link_animation=&#8221;opacity&#8221; vs_navigation_alignment=&#8221;left&#8221; vs_navigation_width_2=&#8221;25%&#8221; vs_navigation_func=&#8221;active_link_only&#8221; vs_navigation_width=&#8221;regular&#8221; vs_tab_spacing=&#8221;5%&#8221; cta_button_style=&#8221;accent-color&#8221; icon_size=&#8221;24&#8243;][tab icon_family=&#8221;none&#8221; title=&#8221;Alimenta\u00e7\u00e3o&#8221; id=&#8221;1769430537341-2&#8243; tab_id=&#8221;1769430537342-5&#8243;][vc_gallery css=&#8221;&#8221; type=&#8221;image_grid&#8221; images=&#8221;9561,9562,9563,9564,9565,9566,9567,9568,9569,9570,9571,9572,9573,9574,9575,9576,9577&#8243; image_grid_loading=&#8221;default&#8221; layout=&#8221;3&#8243; masonry_style=&#8221;true&#8221; bypass_image_cropping=&#8221;true&#8221; item_spacing=&#8221;default&#8221; gallery_style=&#8221;7&#8243; load_in_animation=&#8221;none&#8221;][\/tab][tab icon_family=&#8221;none&#8221; title=&#8221;Espa\u00e7os Exteriores&#8221; id=&#8221;1769430537367-0&#8243; tab_id=&#8221;1769430537368-10&#8243;][vc_gallery css=&#8221;&#8221; type=&#8221;image_grid&#8221; images=&#8221;9578,9579,9580,9581,9582,9583,9584,9585,9586,9587,9588,9589,9590,9591,9592,9593,9594,9595,9596,9597,9598,9599,9600,9601,9602,9603,9604,9605,9606,9607,9608,9609,9610,9611,9612,9613,9614,9615,9616,9617,9618,9619,9620,9621,9622,9623,9624,9625,9626,9627,9628,9629,9630,9631,9632,9633,9634,9635&#8243; image_grid_loading=&#8221;default&#8221; layout=&#8221;3&#8243; masonry_style=&#8221;true&#8221; bypass_image_cropping=&#8221;true&#8221; item_spacing=&#8221;default&#8221; gallery_style=&#8221;7&#8243; load_in_animation=&#8221;none&#8221;][\/tab][tab icon_family=&#8221;none&#8221; title=&#8221;Espa\u00e7os Interiores&#8221; id=&#8221;1769430537385-1&#8243; tab_id=&#8221;1769430537385-5&#8243;][vc_gallery css=&#8221;&#8221; type=&#8221;image_grid&#8221; images=&#8221;9636,9637,9638,9639,9640,9641,9642,9643,9644,9645,9646,9647,9648,9649,9650,9651,9652,9653,9654,9655,9656,9657,9658,9659,9660,9661,9662,9663,9664,9665,9666,9667,9668,9669&#8243; image_grid_loading=&#8221;default&#8221; layout=&#8221;3&#8243; masonry_style=&#8221;true&#8221; bypass_image_cropping=&#8221;true&#8221; item_spacing=&#8221;default&#8221; gallery_style=&#8221;7&#8243; load_in_animation=&#8221;none&#8221;][\/tab][tab icon_family=&#8221;none&#8221; title=&#8221;Messy Play&#8221; id=&#8221;1769430537400-10&#8243; tab_id=&#8221;1769430537400-9&#8243;][vc_gallery css=&#8221;&#8221; type=&#8221;image_grid&#8221; images=&#8221;9670,9671,9672,9673,9674,9675,9676,9677,9678,9679,9680,9681,9682,9683,9684,9685,9686,9687,9688,9689,9690,9691,9692,9693,9694,9695,9696,9697,9698,9699,9700,9701,9702,9703,9704,9705,9706,9707,9708&#8243; image_grid_loading=&#8221;default&#8221; layout=&#8221;3&#8243; masonry_style=&#8221;true&#8221; bypass_image_cropping=&#8221;true&#8221; item_spacing=&#8221;default&#8221; gallery_style=&#8221;7&#8243; load_in_animation=&#8221;none&#8221;][\/tab][tab icon_family=&#8221;none&#8221; title=&#8221;Nature &amp; Farm&#8221; id=&#8221;1769430537414-4&#8243; tab_id=&#8221;1769430537415-4&#8243;][vc_gallery css=&#8221;&#8221; type=&#8221;image_grid&#8221; images=&#8221;9709,9710,9711,9712,9713,9714,9715,9716,9717,9718,9719,9720,9721,9722,9723,9724,9725,9726,9727,9728,9729,9730,9731,9732,9733,9734,9735,9736,9737,9738&#8243; image_grid_loading=&#8221;default&#8221; layout=&#8221;3&#8243; masonry_style=&#8221;true&#8221; bypass_image_cropping=&#8221;true&#8221; item_spacing=&#8221;default&#8221; gallery_style=&#8221;7&#8243; load_in_animation=&#8221;none&#8221;][\/tab][tab icon_family=&#8221;none&#8221; title=&#8221;Atividades Extracurriculares&#8221; id=&#8221;1769430537425-1&#8243; tab_id=&#8221;1769430537425-5&#8243;][vc_gallery css=&#8221;&#8221; type=&#8221;image_grid&#8221; images=&#8221;9739,9740,9741,9742,9743,9744,9745,9746&#8243; image_grid_loading=&#8221;default&#8221; layout=&#8221;3&#8243; masonry_style=&#8221;true&#8221; bypass_image_cropping=&#8221;true&#8221; item_spacing=&#8221;default&#8221; gallery_style=&#8221;7&#8243; load_in_animation=&#8221;none&#8221;][\/tab][tab icon_family=&#8221;none&#8221; title=&#8221;AIS Day&#8221; id=&#8221;1769430537442-9&#8243; tab_id=&#8221;1769430537442-6&#8243;][vc_gallery css=&#8221;&#8221; type=&#8221;image_grid&#8221; images=&#8221;9747,9748,9749,9750,9751,9752,9753,9754,9755,9756,9757,9758,9759,9760,9761,9762,9763,9764,9765,9766,9767,9768,9769,9770,9771&#8243; image_grid_loading=&#8221;default&#8221; layout=&#8221;3&#8243; masonry_style=&#8221;true&#8221; bypass_image_cropping=&#8221;true&#8221; item_spacing=&#8221;default&#8221; gallery_style=&#8221;7&#8243; load_in_animation=&#8221;none&#8221;][\/tab][tab icon_family=&#8221;none&#8221; title=&#8221;Uniforme&#8221; id=&#8221;1769430537456-10&#8243; tab_id=&#8221;1769430537456-1&#8243;][vc_gallery css=&#8221;&#8221; type=&#8221;image_grid&#8221; images=&#8221;9772,9773,9774,9775,9776,9777,9778,9779,9780&#8243; image_grid_loading=&#8221;default&#8221; layout=&#8221;3&#8243; masonry_style=&#8221;true&#8221; bypass_image_cropping=&#8221;true&#8221; item_spacing=&#8221;default&#8221; gallery_style=&#8221;7&#8243; load_in_animation=&#8221;none&#8221;][\/tab][\/tabbed_section][\/vc_column][\/vc_row][vc_row type=&#8221;in_container&#8221; full_screen_row_position=&#8221;middle&#8221; column_margin=&#8221;default&#8221; column_direction=&#8221;default&#8221; column_direction_tablet=&#8221;default&#8221; column_direction_phone=&#8221;default&#8221; scene_position=&#8221;center&#8221; text_color=&#8221;dark&#8221; text_align=&#8221;left&#8221; row_border_radius=&#8221;none&#8221; row_border_radius_applies=&#8221;bg&#8221; row_position_desktop=&#8221;default&#8221; row_position_tablet=&#8221;inherit&#8221; row_position_phone=&#8221;inherit&#8221; overflow=&#8221;visible&#8221; overlay_strength=&#8221;0.3&#8243; gradient_direction=&#8221;left_to_right&#8221; shape_divider_position=&#8221;bottom&#8221; bg_image_animation=&#8221;none&#8221;][vc_column column_padding=&#8221;no-extra-padding&#8221; column_padding_tablet=&#8221;inherit&#8221; column_padding_phone=&#8221;inherit&#8221; column_padding_position=&#8221;all&#8221; flex_gap_desktop=&#8221;10px&#8221; column_element_direction_desktop=&#8221;default&#8221; column_element_spacing=&#8221;default&#8221; desktop_text_alignment=&#8221;default&#8221; tablet_text_alignment=&#8221;default&#8221; phone_text_alignment=&#8221;default&#8221; background_color_opacity=&#8221;1&#8243; background_hover_color_opacity=&#8221;1&#8243; column_backdrop_filter=&#8221;none&#8221; column_shadow=&#8221;none&#8221; column_border_radius=&#8221;none&#8221; column_link_target=&#8221;_self&#8221; column_position=&#8221;default&#8221; gradient_direction=&#8221;left_to_right&#8221; overlay_strength=&#8221;0.3&#8243; width=&#8221;1\/1&#8243; tablet_width_inherit=&#8221;default&#8221; animation_type=&#8221;default&#8221; bg_image_animation=&#8221;none&#8221; border_type=&#8221;simple&#8221; column_border_width=&#8221;none&#8221; column_border_style=&#8221;solid&#8221;][nectar_global_section id=&#8221;8571&#8243;][\/vc_column][\/vc_row]\n","protected":false},"excerpt":{"rendered":"<p>[vc_row type=&#8221;full_width_content&#8221; full_screen_row_position=&#8221;middle&#8221; column_margin=&#8221;none&#8221; column_direction=&#8221;default&#8221; column_direction_tablet=&#8221;default&#8221; column_direction_phone=&#8221;column_reverse&#8221; scene_position=&#8221;center&#8221; top_padding=&#8221;4%&#8221; bottom_padding=&#8221;2%&#8221; left_padding_desktop=&#8221;3%&#8221; right_padding_desktop=&#8221;0&#8243; top_padding_phone=&#8221;12%&#8221; bottom_padding_phone=&#8221;0&#8243; left_padding_phone=&#8221;0&#8243; constrain_group_6=&#8221;yes&#8221; right_padding_phone=&#8221;0&#8243; text_color=&#8221;light&#8221; text_align=&#8221;left&#8221; row_border_radius=&#8221;none&#8221; row_border_radius_applies=&#8221;bg&#8221; row_position_desktop=&#8221;default&#8221; row_position_tablet=&#8221;inherit&#8221; row_position_phone=&#8221;inherit&#8221; overflow=&#8221;visible&#8221; overlay_strength=&#8221;0.95&#8243; gradient_direction=&#8221;left_to_right&#8221; shape_divider_color=&#8221;#FFFFFF&#8221; shape_divider_position=&#8221;top&#8221; shape_divider_height=&#8221;33&#8243;&#8230;<\/p>\n","protected":false},"author":1,"featured_media":0,"parent":0,"menu_order":0,"comment_status":"closed","ping_status":"closed","template":"","meta":{"inline_featured_image":false,"footnotes":""},"class_list":["post-9781","page","type-page","status-publish"],"_links":{"self":[{"href":"https:\/\/ais-edu.pt\/pt-pt\/wp-json\/wp\/v2\/pages\/9781","targetHints":{"allow":["GET"]}}],"collection":[{"href":"https:\/\/ais-edu.pt\/pt-pt\/wp-json\/wp\/v2\/pages"}],"about":[{"href":"https:\/\/ais-edu.pt\/pt-pt\/wp-json\/wp\/v2\/types\/page"}],"author":[{"embeddable":true,"href":"https:\/\/ais-edu.pt\/pt-pt\/wp-json\/wp\/v2\/users\/1"}],"replies":[{"embeddable":true,"href":"https:\/\/ais-edu.pt\/pt-pt\/wp-json\/wp\/v2\/comments?post=9781"}],"version-history":[{"count":3,"href":"https:\/\/ais-edu.pt\/pt-pt\/wp-json\/wp\/v2\/pages\/9781\/revisions"}],"predecessor-version":[{"id":10076,"href":"https:\/\/ais-edu.pt\/pt-pt\/wp-json\/wp\/v2\/pages\/9781\/revisions\/10076"}],"wp:attachment":[{"href":"https:\/\/ais-edu.pt\/pt-pt\/wp-json\/wp\/v2\/media?parent=9781"}],"curies":[{"name":"wp","href":"https:\/\/api.w.org\/{rel}","templated":true}]}}