{"id":10276,"date":"2025-08-31T18:39:27","date_gmt":"2025-08-31T18:39:27","guid":{"rendered":"https:\/\/ais-edu.pt\/marcar-visita\/"},"modified":"2026-04-27T12:22:08","modified_gmt":"2026-04-27T12:22:08","slug":"marcar-visita","status":"publish","type":"page","link":"https:\/\/ais-edu.pt\/pt-pt\/marcar-visita\/","title":{"rendered":"Marcar visita"},"content":{"rendered":"[vc_row type=&#8221;full_width_background&#8221; full_screen_row_position=&#8221;middle&#8221; column_margin=&#8221;default&#8221; column_direction=&#8221;default&#8221; column_direction_tablet=&#8221;default&#8221; column_direction_phone=&#8221;default&#8221; scene_position=&#8221;center&#8221; top_padding=&#8221;5%&#8221; bottom_padding=&#8221;4%&#8221; left_padding_desktop=&#8221;5%&#8221; constrain_group_2=&#8221;yes&#8221; right_padding_desktop=&#8221;5%&#8221; text_color=&#8221;dark&#8221; text_align=&#8221;left&#8221; row_border_radius=&#8221;none&#8221; row_border_radius_applies=&#8221;bg&#8221; row_position_desktop=&#8221;default&#8221; row_position_tablet=&#8221;inherit&#8221; row_position_phone=&#8221;inherit&#8221; overflow=&#8221;visible&#8221; overlay_strength=&#8221;0.3&#8243; gradient_direction=&#8221;left_to_right&#8221; shape_divider_color=&#8221;#CFE5CE&#8221; shape_divider_position=&#8221;bottom&#8221; shape_divider_height=&#8221;300&#8243; bg_image_animation=&#8221;none&#8221; shape_type=&#8221;waves_opacity&#8221; gradient_type=&#8221;default&#8221;][vc_column column_padding=&#8221;no-extra-padding&#8221; column_padding_tablet=&#8221;inherit&#8221; column_padding_phone=&#8221;inherit&#8221; column_padding_position=&#8221;all&#8221; column_element_direction_desktop=&#8221;default&#8221; column_element_spacing=&#8221;default&#8221; desktop_text_alignment=&#8221;default&#8221; tablet_text_alignment=&#8221;default&#8221; phone_text_alignment=&#8221;default&#8221; background_color_opacity=&#8221;1&#8243; background_hover_color_opacity=&#8221;1&#8243; column_backdrop_filter=&#8221;none&#8221; column_shadow=&#8221;none&#8221; column_border_radius=&#8221;none&#8221; column_link_target=&#8221;_self&#8221; column_position=&#8221;default&#8221; gradient_direction=&#8221;left_to_right&#8221; overlay_strength=&#8221;0.3&#8243; width=&#8221;1\/1&#8243; tablet_width_inherit=&#8221;default&#8221; animation_type=&#8221;default&#8221; bg_image_animation=&#8221;none&#8221; border_type=&#8221;simple&#8221; column_border_width=&#8221;none&#8221; column_border_style=&#8221;solid&#8221; column_padding_type=&#8221;default&#8221; content_layout=&#8221;default&#8221; gradient_type=&#8221;default&#8221;][nectar_responsive_text inherited_font_style=&#8221;default&#8221; text_direction=&#8221;default&#8221; font_size_desktop=&#8221;45&#8243; font_line_height=&#8221;1.1&#8243; font_size_phone=&#8221;37&#8243;]\n<h1 style=\"text-align: center;\">Pe\u00e7a mais informa\u00e7\u00f5es no Almada International School<\/h1>\n[\/nectar_responsive_text][nectar_responsive_text inherited_font_style=&#8221;default&#8221; text_color=&#8221;#949DAE&#8221; text_direction=&#8221;default&#8221; font_size_desktop=&#8221;30&#8243; font_size_phone=&#8221;27&#8243;]\n<h2 style=\"text-align: center;\">Inicie o seu processo de admiss\u00e3o<\/h2>\n[\/nectar_responsive_text][divider line_type=&#8221;No Line&#8221; custom_height=&#8221;10&#8243;][nectar_responsive_text inherited_font_style=&#8221;default&#8221; text_direction=&#8221;default&#8221;]\n<p style=\"text-align: center;\">Para mais informa\u00e7\u00f5es ou para agendar uma visita, preencha o formul\u00e1rio de contacto abaixo. Atrav\u00e9s deste formul\u00e1rio, ter\u00e1 acesso ao nosso portal de Admissions, onde poder\u00e1 consultar e acompanhar todas as etapas do processo de admiss\u00e3o.<\/p>\n[\/nectar_responsive_text][\/vc_column][\/vc_row][vc_row type=&#8221;full_width_content&#8221; full_screen_row_position=&#8221;middle&#8221; column_margin=&#8221;default&#8221; column_direction=&#8221;default&#8221; column_direction_tablet=&#8221;default&#8221; column_direction_phone=&#8221;default&#8221; scene_position=&#8221;center&#8221; text_color=&#8221;dark&#8221; text_align=&#8221;left&#8221; row_border_radius=&#8221;none&#8221; row_border_radius_applies=&#8221;bg&#8221; row_position_desktop=&#8221;default&#8221; row_position_tablet=&#8221;inherit&#8221; row_position_phone=&#8221;inherit&#8221; overflow=&#8221;visible&#8221; overlay_strength=&#8221;0.3&#8243; gradient_direction=&#8221;left_to_right&#8221; shape_divider_position=&#8221;bottom&#8221; bg_image_animation=&#8221;none&#8221; gradient_type=&#8221;default&#8221; shape_type=&#8221;&#8221;][vc_column column_padding=&#8221;no-extra-padding&#8221; column_padding_tablet=&#8221;inherit&#8221; column_padding_phone=&#8221;inherit&#8221; column_padding_position=&#8221;all&#8221; flex_gap_desktop=&#8221;10px&#8221; column_element_direction_desktop=&#8221;default&#8221; column_element_spacing=&#8221;default&#8221; desktop_text_alignment=&#8221;default&#8221; tablet_text_alignment=&#8221;default&#8221; phone_text_alignment=&#8221;default&#8221; background_color_opacity=&#8221;1&#8243; background_hover_color_opacity=&#8221;1&#8243; column_backdrop_filter=&#8221;none&#8221; column_shadow=&#8221;none&#8221; column_border_radius=&#8221;none&#8221; column_link_target=&#8221;_self&#8221; column_position=&#8221;default&#8221; gradient_direction=&#8221;left_to_right&#8221; overlay_strength=&#8221;0.3&#8243; width=&#8221;1\/4&#8243; tablet_width_inherit=&#8221;default&#8221; animation_type=&#8221;default&#8221; bg_image_animation=&#8221;none&#8221; border_type=&#8221;simple&#8221; column_border_width=&#8221;none&#8221; column_border_style=&#8221;solid&#8221;][\/vc_column][vc_column column_padding=&#8221;no-extra-padding&#8221; column_padding_tablet=&#8221;inherit&#8221; column_padding_phone=&#8221;inherit&#8221; column_padding_position=&#8221;all&#8221; flex_gap_desktop=&#8221;10px&#8221; column_element_direction_desktop=&#8221;default&#8221; column_element_spacing=&#8221;default&#8221; centered_text=&#8221;true&#8221; desktop_text_alignment=&#8221;default&#8221; tablet_text_alignment=&#8221;default&#8221; phone_text_alignment=&#8221;default&#8221; background_color_opacity=&#8221;1&#8243; background_hover_color_opacity=&#8221;1&#8243; column_backdrop_filter=&#8221;none&#8221; column_shadow=&#8221;none&#8221; column_border_radius=&#8221;none&#8221; column_link_target=&#8221;_self&#8221; column_position=&#8221;default&#8221; gradient_direction=&#8221;left_to_right&#8221; overlay_strength=&#8221;0.3&#8243; width=&#8221;1\/2&#8243; tablet_width_inherit=&#8221;default&#8221; animation_type=&#8221;default&#8221; bg_image_animation=&#8221;none&#8221; border_type=&#8221;simple&#8221; column_border_width=&#8221;none&#8221; column_border_style=&#8221;solid&#8221; column_padding_type=&#8221;default&#8221; gradient_type=&#8221;default&#8221;][vc_raw_html css=&#8221;&#8221;]PGlmcmFtZSBpZD0ib3BlbmFwcGx5RnJhbWUiIHNjcm9sbGluZz0ibm8iIHNhbmRib3g9ImFsbG93LXRvcC1uYXZpZ2F0aW9uIGFsbG93LXNjcmlwdHMgYWxsb3ctZm9ybXMgYWxsb3ctbW9kYWxzIGFsbG93LXNhbWUtb3JpZ2luIGFsbG93LXBvcHVwcyIgc3JjPSJodHRwczovL2Fpcy1lZHUub3BlbmFwcGx5LmNvbS90b3Vycy9uZXc\/ZnJhbWU9dHJ1ZSZhbXA7bGFuZz0mYW1wOyUyMCIgc3R5bGU9ImhlaWdodDogNTAwMHB4OyBib3JkZXI6IG1lZGl1bTsgd2lkdGg6IDcwMHB4OyBvdmVyZmxvdzogaGlkZGVuOyI+PC9pZnJhbWU+[\/vc_raw_html][divider line_type=&#8221;No Line&#8221; custom_height=&#8221;50&#8243;][\/vc_column][vc_column column_padding=&#8221;no-extra-padding&#8221; column_padding_tablet=&#8221;inherit&#8221; column_padding_phone=&#8221;inherit&#8221; column_padding_position=&#8221;all&#8221; flex_gap_desktop=&#8221;10px&#8221; column_element_direction_desktop=&#8221;default&#8221; column_element_spacing=&#8221;default&#8221; desktop_text_alignment=&#8221;default&#8221; tablet_text_alignment=&#8221;default&#8221; phone_text_alignment=&#8221;default&#8221; background_color_opacity=&#8221;1&#8243; background_hover_color_opacity=&#8221;1&#8243; column_backdrop_filter=&#8221;none&#8221; column_shadow=&#8221;none&#8221; column_border_radius=&#8221;none&#8221; column_link_target=&#8221;_self&#8221; column_position=&#8221;default&#8221; gradient_direction=&#8221;left_to_right&#8221; overlay_strength=&#8221;0.3&#8243; width=&#8221;1\/4&#8243; tablet_width_inherit=&#8221;default&#8221; animation_type=&#8221;default&#8221; bg_image_animation=&#8221;none&#8221; border_type=&#8221;simple&#8221; column_border_width=&#8221;none&#8221; column_border_style=&#8221;solid&#8221;][\/vc_column][\/vc_row]\n","protected":false},"excerpt":{"rendered":"<p>[vc_row type=&#8221;full_width_background&#8221; full_screen_row_position=&#8221;middle&#8221; column_margin=&#8221;default&#8221; column_direction=&#8221;default&#8221; column_direction_tablet=&#8221;default&#8221; column_direction_phone=&#8221;default&#8221; scene_position=&#8221;center&#8221; top_padding=&#8221;5%&#8221; bottom_padding=&#8221;4%&#8221; left_padding_desktop=&#8221;5%&#8221; constrain_group_2=&#8221;yes&#8221; right_padding_desktop=&#8221;5%&#8221; text_color=&#8221;dark&#8221; text_align=&#8221;left&#8221; row_border_radius=&#8221;none&#8221; row_border_radius_applies=&#8221;bg&#8221; row_position_desktop=&#8221;default&#8221; row_position_tablet=&#8221;inherit&#8221; row_position_phone=&#8221;inherit&#8221; overflow=&#8221;visible&#8221; overlay_strength=&#8221;0.3&#8243; gradient_direction=&#8221;left_to_right&#8221; shape_divider_color=&#8221;#CFE5CE&#8221; shape_divider_position=&#8221;bottom&#8221; shape_divider_height=&#8221;300&#8243; bg_image_animation=&#8221;none&#8221; shape_type=&#8221;waves_opacity&#8221; gradient_type=&#8221;default&#8221;][vc_column column_padding=&#8221;no-extra-padding&#8221;&#8230;<\/p>\n","protected":false},"author":1,"featured_media":0,"parent":0,"menu_order":0,"comment_status":"closed","ping_status":"closed","template":"","meta":{"inline_featured_image":false,"footnotes":""},"class_list":["post-10276","page","type-page","status-publish"],"_links":{"self":[{"href":"https:\/\/ais-edu.pt\/pt-pt\/wp-json\/wp\/v2\/pages\/10276","targetHints":{"allow":["GET"]}}],"collection":[{"href":"https:\/\/ais-edu.pt\/pt-pt\/wp-json\/wp\/v2\/pages"}],"about":[{"href":"https:\/\/ais-edu.pt\/pt-pt\/wp-json\/wp\/v2\/types\/page"}],"author":[{"embeddable":true,"href":"https:\/\/ais-edu.pt\/pt-pt\/wp-json\/wp\/v2\/users\/1"}],"replies":[{"embeddable":true,"href":"https:\/\/ais-edu.pt\/pt-pt\/wp-json\/wp\/v2\/comments?post=10276"}],"version-history":[{"count":2,"href":"https:\/\/ais-edu.pt\/pt-pt\/wp-json\/wp\/v2\/pages\/10276\/revisions"}],"predecessor-version":[{"id":10278,"href":"https:\/\/ais-edu.pt\/pt-pt\/wp-json\/wp\/v2\/pages\/10276\/revisions\/10278"}],"wp:attachment":[{"href":"https:\/\/ais-edu.pt\/pt-pt\/wp-json\/wp\/v2\/media?parent=10276"}],"curies":[{"name":"wp","href":"https:\/\/api.w.org\/{rel}","templated":true}]}}