{"id":10209,"date":"2025-08-31T10:11:32","date_gmt":"2025-08-31T10:11:32","guid":{"rendered":"https:\/\/ais-edu.pt\/calendario-escolar\/"},"modified":"2026-04-27T11:08:31","modified_gmt":"2026-04-27T11:08:31","slug":"calendario-escolar","status":"publish","type":"page","link":"https:\/\/ais-edu.pt\/pt-pt\/calendario-escolar\/","title":{"rendered":"Calend\u00e1rio Escolar"},"content":{"rendered":"[vc_row type=&#8221;full_width_content&#8221; full_screen_row_position=&#8221;middle&#8221; column_margin=&#8221;default&#8221; column_direction=&#8221;default&#8221; column_direction_tablet=&#8221;default&#8221; column_direction_phone=&#8221;default&#8221; scene_position=&#8221;center&#8221; top_padding=&#8221;4%&#8221; bottom_padding=&#8221;7%&#8221; left_padding_desktop=&#8221;4%&#8221; constrain_group_2=&#8221;yes&#8221; right_padding_desktop=&#8221;4%&#8221; left_padding_phone=&#8221;0&#8243; right_padding_phone=&#8221;0&#8243; text_color=&#8221;dark&#8221; text_align=&#8221;left&#8221; row_border_radius=&#8221;none&#8221; row_border_radius_applies=&#8221;bg&#8221; row_position_desktop=&#8221;default&#8221; row_position_tablet=&#8221;inherit&#8221; row_position_phone=&#8221;inherit&#8221; overflow=&#8221;visible&#8221; overlay_strength=&#8221;0.95&#8243; gradient_direction=&#8221;left_to_right&#8221; shape_divider_color=&#8221;#FFFFFF&#8221; shape_divider_position=&#8221;both&#8221; shape_divider_height=&#8221;100&#8243; bg_image_animation=&#8221;none&#8221; shape_type=&#8221;waves_opacity&#8221; gradient_type=&#8221;default&#8221;][vc_column column_padding=&#8221;no-extra-padding&#8221; column_padding_tablet=&#8221;inherit&#8221; column_padding_phone=&#8221;padding-5-percent&#8221; column_padding_position=&#8221;left-right&#8221; column_element_direction_desktop=&#8221;default&#8221; column_element_spacing=&#8221;default&#8221; desktop_text_alignment=&#8221;default&#8221; tablet_text_alignment=&#8221;default&#8221; phone_text_alignment=&#8221;default&#8221; sticky_content=&#8221;true&#8221; sticky_content_functionality=&#8221;js&#8221; background_color_opacity=&#8221;1&#8243; background_hover_color_opacity=&#8221;1&#8243; column_backdrop_filter=&#8221;none&#8221; column_shadow=&#8221;none&#8221; column_border_radius=&#8221;20px&#8221; column_link_target=&#8221;_self&#8221; column_position=&#8221;default&#8221; gradient_direction=&#8221;left_to_right&#8221; overlay_strength=&#8221;0.3&#8243; width=&#8221;1\/2&#8243; tablet_width_inherit=&#8221;default&#8221; animation_type=&#8221;parallax&#8221; animation_movement_type=&#8221;transform_x&#8221; column_parallax_intensity=&#8221;0.5&#8243; bg_image_animation=&#8221;none&#8221; border_type=&#8221;simple&#8221; column_border_width=&#8221;none&#8221; column_border_style=&#8221;solid&#8221; column_padding_type=&#8221;default&#8221; gradient_type=&#8221;default&#8221; content_layout=&#8221;default&#8221;][vc_row_inner column_margin=&#8221;default&#8221; column_direction=&#8221;default&#8221; column_direction_tablet=&#8221;default&#8221; column_direction_phone=&#8221;default&#8221; text_align=&#8221;left&#8221; row_position=&#8221;default&#8221; row_position_tablet=&#8221;inherit&#8221; row_position_phone=&#8221;inherit&#8221; overflow=&#8221;visible&#8221; pointer_events=&#8221;all&#8221;][vc_column_inner column_padding=&#8221;no-extra-padding&#8221; column_padding_tablet=&#8221;inherit&#8221; column_padding_phone=&#8221;inherit&#8221; column_padding_position=&#8221;all&#8221; bottom_margin=&#8221;5&#8243; flex_gap_desktop=&#8221;10px&#8221; column_element_direction_desktop=&#8221;default&#8221; column_element_spacing=&#8221;default&#8221; desktop_text_alignment=&#8221;default&#8221; tablet_text_alignment=&#8221;default&#8221; phone_text_alignment=&#8221;default&#8221; background_color_opacity=&#8221;1&#8243; background_hover_color_opacity=&#8221;1&#8243; column_backdrop_filter=&#8221;none&#8221; column_shadow=&#8221;none&#8221; column_border_radius=&#8221;none&#8221; column_link_target=&#8221;_self&#8221; overflow=&#8221;visible&#8221; gradient_direction=&#8221;left_to_right&#8221; overlay_strength=&#8221;0.3&#8243; width=&#8221;1\/1&#8243; tablet_width_inherit=&#8221;default&#8221; animation_type=&#8221;default&#8221; bg_image_animation=&#8221;none&#8221; border_type=&#8221;simple&#8221; column_border_width=&#8221;none&#8221; column_border_style=&#8221;solid&#8221; column_padding_type=&#8221;default&#8221; gradient_type=&#8221;default&#8221;][split_line_heading line_reveal_by_space_text_effect=&#8221;none&#8221; font_style=&#8221;h1&#8243; stagger_animation=&#8221;true&#8221; mobile_disable_animation=&#8221;true&#8221; content_alignment=&#8221;default&#8221; mobile_content_alignment=&#8221;inherit&#8221; animation_type=&#8221;line-reveal-by-space&#8221; link_target=&#8221;_self&#8221; text_content=&#8221;Calend\u00e1rio Escolar&#8221; text_direction=&#8221;default&#8221; font_size=&#8221;45&#8243;][\/split_line_heading][\/vc_column_inner][\/vc_row_inner][nectar_responsive_text inherited_font_style=&#8221;h2&#8243; text_color=&#8221;#949DAE&#8221; font_size_desktop=&#8221;30&#8243; text_direction=&#8221;default&#8221; font_size_phone=&#8221;27&#8243; font_line_height=&#8221;1.1&#8243;]\n<h2>O seu guia para a vida no col\u00e9gio.<\/h2>\n[\/nectar_responsive_text][nectar_responsive_text inherited_font_style=&#8221;default&#8221; text_direction=&#8221;default&#8221;]\n<div class=\"elementor-element elementor-element-73320205 elementor-widget elementor-widget-text-editor\" data-id=\"73320205\" data-element_type=\"widget\" data-widget_type=\"text-editor.default\">\n<div class=\"elementor-widget-container\">\n<p>Acompanhe o ritmo do Almada International School atrav\u00e9s do nosso calend\u00e1rio escolar e das principais datas ao longo do ano. Mais do que um conjunto de datas, \u00e9 um guia para uma jornada feita de aprendizagem, crescimento e momentos marcantes. Convidamos as fam\u00edlias a acompanhar estas datas e a fazer parte das experi\u00eancias que tornam o percurso educativo verdadeiramente enriquecedor.<\/p>\n<p>O calend\u00e1rio escolar relativo ao <b>ano letivo 2025\u20132026<\/b> encontra-se em vigor e dispon\u00edvel para <b>consulta pelas fam\u00edlias do AIS.<\/b> Aqui poder\u00e3o encontrar as datas-chave e os principais eventos ao longo do ano, facilitando a organiza\u00e7\u00e3o familiar e promovendo uma participa\u00e7\u00e3o ativa na vida escolar.<\/p>\n<\/div>\n<\/div>\n[\/nectar_responsive_text][nectar_cta btn_style=&#8221;basic&#8221; heading_tag=&#8221;h6&#8243; link_type=&#8221;new_tab&#8221; button_color=&#8221;default&#8221; button_color_hover=&#8221;#1D2C4E&#8221; text_color=&#8221;#1D2C4E&#8221; text_color_hover=&#8221;#FFFFFF&#8221; button_border_color=&#8221;#1D2C4E&#8221; button_border_color_hover=&#8221;#1D2C4E&#8221; button_border_thickness=&#8221;2px&#8221; alignment=&#8221;left&#8221; alignment_tablet=&#8221;default&#8221; alignment_phone=&#8221;center&#8221; constrain_group_3=&#8221;yes&#8221; constrain_group_4=&#8221;yes&#8221; display=&#8221;inline&#8221; display_tablet=&#8221;inline-block&#8221; display_phone=&#8221;inline-block&#8221; icon_family=&#8221;none&#8221; font_size_desktop=&#8221;13&#8243; link_text=&#8221;CALEND\u00c1RIO ESCOLAR 2025-26&#8243; url=&#8221;https:\/\/ais-edu.pt\/wp-content\/uploads\/2026\/01\/AIS-SchoolCalendar.pdf&#8221; padding_top=&#8221;12&#8243; padding_bottom=&#8221;12&#8243; padding_left=&#8221;20&#8243; padding_right=&#8221;20&#8243; margin_bottom=&#8221;15&#8243; margin_right=&#8221;10&#8243; margin_top=&#8221;20&#8243;][nectar_cta btn_style=&#8221;basic&#8221; heading_tag=&#8221;h6&#8243; link_type=&#8221;new_tab&#8221; button_color=&#8221;default&#8221; button_color_hover=&#8221;#1D2C4E&#8221; text_color=&#8221;#1D2C4E&#8221; text_color_hover=&#8221;#FFFFFF&#8221; button_border_color=&#8221;#1D2C4E&#8221; button_border_color_hover=&#8221;#1D2C4E&#8221; button_border_thickness=&#8221;2px&#8221; alignment=&#8221;left&#8221; alignment_tablet=&#8221;default&#8221; alignment_phone=&#8221;center&#8221; constrain_group_3=&#8221;yes&#8221; constrain_group_4=&#8221;yes&#8221; display=&#8221;inline&#8221; display_tablet=&#8221;inline-block&#8221; display_phone=&#8221;inline-block&#8221; icon_family=&#8221;none&#8221; font_size_desktop=&#8221;13&#8243; link_text=&#8221;PREVIS\u00c3O DO CALEND\u00c1RIO ESCOLAR 2026-27&#8243; url=&#8221;https:\/\/ais-edu.pt\/wp-content\/uploads\/2026\/01\/AIS-SchoolCalendar2627-EN.pdf&#8221; padding_top=&#8221;12&#8243; padding_bottom=&#8221;12&#8243; padding_left=&#8221;20&#8243; padding_right=&#8221;20&#8243; margin_bottom=&#8221;15&#8243; margin_right=&#8221;10&#8243; margin_top=&#8221;20&#8243;][divider line_type=&#8221;No Line&#8221; custom_height=&#8221;30&#8243;][\/vc_column][vc_column column_padding=&#8221;padding-3-percent&#8221; column_padding_tablet=&#8221;inherit&#8221; column_padding_phone=&#8221;inherit&#8221; column_padding_position=&#8221;all&#8221; column_element_direction_desktop=&#8221;default&#8221; column_element_spacing=&#8221;default&#8221; desktop_text_alignment=&#8221;default&#8221; tablet_text_alignment=&#8221;default&#8221; phone_text_alignment=&#8221;default&#8221; background_color_opacity=&#8221;1&#8243; background_hover_color_opacity=&#8221;1&#8243; column_backdrop_filter=&#8221;none&#8221; column_shadow=&#8221;none&#8221; column_border_radius=&#8221;none&#8221; column_link_target=&#8221;_self&#8221; column_position=&#8221;default&#8221; gradient_direction=&#8221;left_to_right&#8221; overlay_strength=&#8221;0.3&#8243; width=&#8221;1\/2&#8243; tablet_width_inherit=&#8221;default&#8221; animation_type=&#8221;default&#8221; bg_image_animation=&#8221;none&#8221; border_type=&#8221;simple&#8221; column_border_width=&#8221;none&#8221; column_border_style=&#8221;solid&#8221; column_padding_type=&#8221;default&#8221; gradient_type=&#8221;default&#8221; content_layout=&#8221;default&#8221;][image_with_animation image_url=&#8221;8264&#8243; image_size=&#8221;full&#8221; max_width=&#8221;100%&#8221; max_width_mobile=&#8221;default&#8221; animation_type=&#8221;entrance&#8221; animation=&#8221;None&#8221; animation_movement_type=&#8221;transform_y&#8221; hover_animation=&#8221;none&#8221; alignment=&#8221;&#8221; border_radius=&#8221;20px&#8221; box_shadow=&#8221;none&#8221; image_loading=&#8221;default&#8221;][\/vc_column][\/vc_row][vc_row type=&#8221;in_container&#8221; full_screen_row_position=&#8221;middle&#8221; column_margin=&#8221;default&#8221; column_direction=&#8221;default&#8221; column_direction_tablet=&#8221;default&#8221; column_direction_phone=&#8221;default&#8221; scene_position=&#8221;center&#8221; text_color=&#8221;dark&#8221; text_align=&#8221;left&#8221; row_border_radius=&#8221;none&#8221; row_border_radius_applies=&#8221;bg&#8221; row_position_desktop=&#8221;default&#8221; row_position_tablet=&#8221;inherit&#8221; row_position_phone=&#8221;inherit&#8221; overflow=&#8221;visible&#8221; overlay_strength=&#8221;0.3&#8243; gradient_direction=&#8221;left_to_right&#8221; shape_divider_position=&#8221;bottom&#8221; bg_image_animation=&#8221;none&#8221;][vc_column column_padding=&#8221;no-extra-padding&#8221; column_padding_tablet=&#8221;inherit&#8221; column_padding_phone=&#8221;inherit&#8221; column_padding_position=&#8221;all&#8221; flex_gap_desktop=&#8221;10px&#8221; column_element_direction_desktop=&#8221;default&#8221; column_element_spacing=&#8221;default&#8221; desktop_text_alignment=&#8221;default&#8221; tablet_text_alignment=&#8221;default&#8221; phone_text_alignment=&#8221;default&#8221; background_color_opacity=&#8221;1&#8243; background_hover_color_opacity=&#8221;1&#8243; column_backdrop_filter=&#8221;none&#8221; column_shadow=&#8221;none&#8221; column_border_radius=&#8221;none&#8221; column_link_target=&#8221;_self&#8221; column_position=&#8221;default&#8221; gradient_direction=&#8221;left_to_right&#8221; overlay_strength=&#8221;0.3&#8243; width=&#8221;1\/1&#8243; tablet_width_inherit=&#8221;default&#8221; animation_type=&#8221;default&#8221; bg_image_animation=&#8221;none&#8221; border_type=&#8221;simple&#8221; column_border_width=&#8221;none&#8221; column_border_style=&#8221;solid&#8221;][nectar_global_section id=&#8221;8575&#8243;][\/vc_column][\/vc_row]\n","protected":false},"excerpt":{"rendered":"<p>[vc_row type=&#8221;full_width_content&#8221; full_screen_row_position=&#8221;middle&#8221; column_margin=&#8221;default&#8221; column_direction=&#8221;default&#8221; column_direction_tablet=&#8221;default&#8221; column_direction_phone=&#8221;default&#8221; scene_position=&#8221;center&#8221; top_padding=&#8221;4%&#8221; bottom_padding=&#8221;7%&#8221; left_padding_desktop=&#8221;4%&#8221; constrain_group_2=&#8221;yes&#8221; right_padding_desktop=&#8221;4%&#8221; left_padding_phone=&#8221;0&#8243; right_padding_phone=&#8221;0&#8243; text_color=&#8221;dark&#8221; text_align=&#8221;left&#8221; row_border_radius=&#8221;none&#8221; row_border_radius_applies=&#8221;bg&#8221; row_position_desktop=&#8221;default&#8221; row_position_tablet=&#8221;inherit&#8221; row_position_phone=&#8221;inherit&#8221; overflow=&#8221;visible&#8221; overlay_strength=&#8221;0.95&#8243; gradient_direction=&#8221;left_to_right&#8221; shape_divider_color=&#8221;#FFFFFF&#8221; shape_divider_position=&#8221;both&#8221; shape_divider_height=&#8221;100&#8243; bg_image_animation=&#8221;none&#8221; shape_type=&#8221;waves_opacity&#8221;&#8230;<\/p>\n","protected":false},"author":1,"featured_media":0,"parent":0,"menu_order":0,"comment_status":"closed","ping_status":"closed","template":"","meta":{"inline_featured_image":false,"footnotes":""},"class_list":["post-10209","page","type-page","status-publish"],"_links":{"self":[{"href":"https:\/\/ais-edu.pt\/pt-pt\/wp-json\/wp\/v2\/pages\/10209","targetHints":{"allow":["GET"]}}],"collection":[{"href":"https:\/\/ais-edu.pt\/pt-pt\/wp-json\/wp\/v2\/pages"}],"about":[{"href":"https:\/\/ais-edu.pt\/pt-pt\/wp-json\/wp\/v2\/types\/page"}],"author":[{"embeddable":true,"href":"https:\/\/ais-edu.pt\/pt-pt\/wp-json\/wp\/v2\/users\/1"}],"replies":[{"embeddable":true,"href":"https:\/\/ais-edu.pt\/pt-pt\/wp-json\/wp\/v2\/comments?post=10209"}],"version-history":[{"count":2,"href":"https:\/\/ais-edu.pt\/pt-pt\/wp-json\/wp\/v2\/pages\/10209\/revisions"}],"predecessor-version":[{"id":10214,"href":"https:\/\/ais-edu.pt\/pt-pt\/wp-json\/wp\/v2\/pages\/10209\/revisions\/10214"}],"wp:attachment":[{"href":"https:\/\/ais-edu.pt\/pt-pt\/wp-json\/wp\/v2\/media?parent=10209"}],"curies":[{"name":"wp","href":"https:\/\/api.w.org\/{rel}","templated":true}]}}